{"id":9832,"date":"2024-11-11T12:14:15","date_gmt":"2024-11-11T11:14:15","guid":{"rendered":"https:\/\/www.apartmaji-bolfenk.si\/?page_id=9832"},"modified":"2025-09-08T16:21:42","modified_gmt":"2025-09-08T15:21:42","slug":"povprasevanje","status":"publish","type":"page","link":"https:\/\/www.apartmaji-bolfenk.si\/en\/povprasevanje\/","title":{"rendered":"Contact"},"content":{"rendered":"<div data-elementor-type=\"wp-page\" data-elementor-id=\"9832\" class=\"elementor elementor-9832\">\n\t\t\t\t\t\t<div class=\"elementor-inner\">\n\t\t\t\t<div class=\"elementor-section-wrap\">\n\t\t\t\t\t\t\t\t\t<section class=\"elementor-section elementor-top-section elementor-element elementor-element-56533ed elementor-section-stretched elementor-section-content-middle elementor-section-boxed elementor-section-height-default elementor-section-height-default\" data-id=\"56533ed\" data-element_type=\"section\" data-settings=\"{&quot;stretch_section&quot;:&quot;section-stretched&quot;,&quot;background_background&quot;:&quot;classic&quot;}\">\n\t\t\t\t\t\t<div class=\"elementor-container elementor-column-gap-default\">\n\t\t\t\t\t\t\t<div class=\"elementor-row\">\n\t\t\t\t\t<div class=\"elementor-column elementor-col-100 elementor-top-column elementor-element elementor-element-0e7ef63 elementor-invisible\" data-id=\"0e7ef63\" data-element_type=\"column\" data-settings=\"{&quot;background_background&quot;:&quot;classic&quot;,&quot;animation&quot;:&quot;fadeIn&quot;}\">\n\t\t\t<div class=\"elementor-column-wrap elementor-element-populated\">\n\t\t\t\t\t<div class=\"elementor-background-overlay\"><\/div>\n\t\t\t\t\t\t\t<div class=\"elementor-widget-wrap\">\n\t\t\t\t\t\t<div class=\"elementor-element elementor-element-7d41b55 elementor-widget elementor-widget-heading\" data-id=\"7d41b55\" data-element_type=\"widget\" data-widget_type=\"heading.default\">\n\t\t\t\t<div class=\"elementor-widget-container\">\n\t\t\t<h5 class=\"elementor-heading-title elementor-size-default\">Stay in touch<\/h5>\t\t<\/div>\n\t\t\t\t<\/div>\n\t\t\t\t<div class=\"elementor-element elementor-element-5f736c8 elementor-widget elementor-widget-html\" data-id=\"5f736c8\" data-element_type=\"widget\" data-widget_type=\"html.default\">\n\t\t\t\t<div class=\"elementor-widget-container\">\n\t\t\t<style>\n    .nd_elements_cf7_component label {\n     background-color: transparent; \n     border: 0;\n}\n\ninput[type=\"text\"] {\n    background-color: #fff;\n}\n\ninput[type=\"email\"]:hover {\n    border: 1px solid #ddd!important;\n    border-width: 1px!important;\n}\n\ninput[type=\"checkbox\"]{\n    width: 13px!important;\n}\n<\/style>\t\t<\/div>\n\t\t\t\t<\/div>\n\t\t\t\t<div class=\"elementor-element elementor-element-ed66693 elementor-widget elementor-widget-heading\" data-id=\"ed66693\" data-element_type=\"widget\" data-widget_type=\"heading.default\">\n\t\t\t\t<div class=\"elementor-widget-container\">\n\t\t\t<h1 class=\"elementor-heading-title elementor-size-default\">INQUIRY<\/h1>\t\t<\/div>\n\t\t\t\t<\/div>\n\t\t\t\t<div class=\"elementor-element elementor-element-21b7f36 forma-povprasevanje elementor-widget elementor-widget-cf7\" data-id=\"21b7f36\" data-element_type=\"widget\" data-widget_type=\"cf7.default\">\n\t\t\t\t<div class=\"elementor-widget-container\">\n\t\t\t\n\t\t<div class=\"nd_elements_cf7_component\">\n\t\t\t<div class=\"wpcf7 no-js\" id=\"wpcf7-f8394-o1\" lang=\"sl-SI\" dir=\"ltr\">\n<div class=\"screen-reader-response\"><p role=\"status\" aria-live=\"polite\" aria-atomic=\"true\"><\/p> <ul><\/ul><\/div>\n<form action=\"\/en\/wp-json\/wp\/v2\/pages\/9832#wpcf7-f8394-o1\" method=\"post\" class=\"wpcf7-form init\" aria-label=\"Contact form\" novalidate=\"novalidate\" data-status=\"init\" data-trp-original-action=\"\/en\/wp-json\/wp\/v2\/pages\/9832#wpcf7-f8394-o1\">\n<div style=\"display: none;\">\n<input type=\"hidden\" name=\"_wpcf7\" value=\"8394\" \/>\n<input type=\"hidden\" name=\"_wpcf7_version\" value=\"5.7.2\" \/>\n<input type=\"hidden\" name=\"_wpcf7_locale\" value=\"sl_SI\" \/>\n<input type=\"hidden\" name=\"_wpcf7_unit_tag\" value=\"wpcf7-f8394-o1\" \/>\n<input type=\"hidden\" name=\"_wpcf7_container_post\" value=\"0\" \/>\n<input type=\"hidden\" name=\"_wpcf7_posted_data_hash\" value=\"\" \/>\n<input type=\"hidden\" name=\"_wpcf7_recaptcha_response\" value=\"\" \/>\n<\/div>\n<p><label> Name and surname *<br \/>\n<span class=\"wpcf7-form-control-wrap\" data-name=\"your-name\"><input size=\"40\" class=\"wpcf7-form-control wpcf7-text wpcf7-validates-as-required\" aria-required=\"true\" aria-invalid=\"false\" value=\"\" type=\"text\" name=\"your-name\" \/><\/span> <\/label>\n<\/p>\n<p><label> Email *<br \/>\n<span class=\"wpcf7-form-control-wrap\" data-name=\"your-email\"><input size=\"40\" class=\"wpcf7-form-control wpcf7-text wpcf7-email wpcf7-validates-as-required wpcf7-validates-as-email\" aria-required=\"true\" aria-invalid=\"false\" value=\"\" type=\"email\" name=\"your-email\" \/><\/span> <\/label>\n<\/p>\n<p><label> Telephone<br \/>\n<span class=\"wpcf7-form-control-wrap\" data-name=\"your-phone\"><input size=\"40\" class=\"wpcf7-form-control wpcf7-text\" aria-invalid=\"false\" value=\"\" type=\"text\" name=\"your-phone\" \/><\/span> <\/label>\n<\/p>\n<p><label> Inquiry *<br \/>\n<span class=\"wpcf7-form-control-wrap\" data-name=\"your-message\"><textarea cols=\"40\" rows=\"10\" class=\"wpcf7-form-control wpcf7-textarea wpcf7-validates-as-required\" aria-required=\"true\" aria-invalid=\"false\" name=\"your-message\"><\/textarea><\/span> <\/label>\n<\/p>\n<p><span class=\"wpcf7-form-control-wrap\" data-name=\"your-op\"><span class=\"wpcf7-form-control wpcf7-checkbox wpcf7-validates-as-required\"><span class=\"wpcf7-list-item first last\"><label><input type=\"checkbox\" name=\"your-op[]\" value=\"Z oddajo podatkov preko kontaktnega obrazca potrjujete, da ste seznanjeni z namenom in pravili varovanja osebnih podatkov.Zagotavljamo, da bomo tukaj zbrane osebne podatke uporabili izklju\u010dno za namen posredovanja odgovora in bomo z njimi ravnali, skladno z veljavno zakonodajo in na\u0161imi Pravili varstva zasebnosti.\" tabindex=\"\" \/><span class=\"wpcf7-list-item-label\">By submitting data via the contact form, you confirm that you are familiar with the purpose and rules of personal data protection. We guarantee that we will use the personal data collected here exclusively for the purpose of providing the answer and will handle it in accordance with the applicable law and our Privacy Policy.<\/span><\/label><\/span><\/span><\/span>\n<\/p>\n<p><input class=\"wpcf7-form-control has-spinner wpcf7-submit\" type=\"submit\" value=\"Send\" \/>\n<\/p><div class=\"wpcf7-response-output\" aria-hidden=\"true\"><\/div><input type=\"hidden\" name=\"trp-form-language\" value=\"en\"\/><\/form><\/div>\n\t\t<\/div>\t\t<\/div>\n\t\t\t\t<\/div>\n\t\t\t\t\t\t<\/div>\n\t\t\t\t\t<\/div>\n\t\t<\/div>\n\t\t\t\t\t\t\t\t<\/div>\n\t\t\t\t\t<\/div>\n\t\t<\/section>\n\t\t\t\t<section class=\"elementor-section elementor-top-section elementor-element elementor-element-eda6e32 elementor-section-full_width elementor-section-stretched elementor-section-height-default elementor-section-height-default\" data-id=\"eda6e32\" data-element_type=\"section\" data-settings=\"{&quot;stretch_section&quot;:&quot;section-stretched&quot;}\">\n\t\t\t\t\t\t<div class=\"elementor-container elementor-column-gap-default\">\n\t\t\t\t\t\t\t<div class=\"elementor-row\">\n\t\t\t\t\t<div class=\"elementor-column elementor-col-100 elementor-top-column elementor-element elementor-element-1d08d96\" data-id=\"1d08d96\" data-element_type=\"column\">\n\t\t\t<div class=\"elementor-column-wrap elementor-element-populated\">\n\t\t\t\t\t\t\t<div class=\"elementor-widget-wrap\">\n\t\t\t\t\t\t<div class=\"elementor-element elementor-element-7caf7cd2 elementor-widget elementor-widget-google_maps\" data-id=\"7caf7cd2\" data-element_type=\"widget\" data-widget_type=\"google_maps.default\">\n\t\t\t\t<div class=\"elementor-widget-container\">\n\t\t\t\t\t<div class=\"elementor-custom-embed\">\n\t\t\t<iframe loading=\"lazy\"\n\t\t\t\t\tsrc=\"https:\/\/maps.google.com\/maps?q=ho%C4%8Dko%20pohorje%20125%2C%202208%20pohorje&#038;t=m&#038;z=16&#038;output=embed&#038;iwloc=near\"\n\t\t\t\t\ttitle=\"Ho\u010dko pohorje 125, 2208 pohorje\"\n\t\t\t\t\taria-label=\"Ho\u010dko pohorje 125, 2208 pohorje\"\n\t\t\t><\/iframe>\n\t\t<\/div>\n\t\t\t\t<\/div>\n\t\t\t\t<\/div>\n\t\t\t\t\t\t<\/div>\n\t\t\t\t\t<\/div>\n\t\t<\/div>\n\t\t\t\t\t\t\t\t<\/div>\n\t\t\t\t\t<\/div>\n\t\t<\/section>\n\t\t\t\t\t\t\t\t\t<\/div>\n\t\t\t<\/div>\n\t\t\t\t\t<\/div>","protected":false},"excerpt":{"rendered":"<p>Ostanite v stiku POVPRA\u0160EVANJE Ime in priimek * Email * Telefon Povpra\u0161evanje * Z oddajo podatkov preko kontaktnega obrazca potrjujete, da ste seznanjeni z namenom in pravili varovanja osebnih podatkov. Zagotavljamo, da bomo tukaj zbrane osebne podatke uporabili izklju\u010dno za namen posredovanja odgovora in bomo z njimi ravnali, skladno z veljavno zakonodajo in na\u0161imi Pravili [&hellip;]<\/p>","protected":false},"author":1,"featured_media":0,"parent":0,"menu_order":5,"comment_status":"closed","ping_status":"closed","template":"","meta":{"footnotes":""},"class_list":["post-9832","page","type-page","status-publish","hentry"],"yoast_head":"<!-- This site is optimized with the Yoast SEO plugin v23.8 - https:\/\/yoast.com\/wordpress\/plugins\/seo\/ -->\n<title>Povpra\u0161evanje - Pohorje Bolfenk<\/title>\n<meta name=\"robots\" content=\"index, follow, max-snippet:-1, max-image-preview:large, max-video-preview:-1\" \/>\n<link rel=\"canonical\" href=\"https:\/\/www.apartmaji-bolfenk.si\/en\/povprasevanje\/\" \/>\n<meta property=\"og:locale\" content=\"en_GB\" \/>\n<meta property=\"og:type\" content=\"article\" \/>\n<meta property=\"og:title\" content=\"Povpra\u0161evanje - Pohorje Bolfenk\" \/>\n<meta property=\"og:description\" content=\"Ostanite v stiku POVPRA\u0160EVANJE Ime in priimek * Email * Telefon Povpra\u0161evanje * Z oddajo podatkov preko kontaktnega obrazca potrjujete, da ste seznanjeni z namenom in pravili varovanja osebnih podatkov. Zagotavljamo, da bomo tukaj zbrane osebne podatke uporabili izklju\u010dno za namen posredovanja odgovora in bomo z njimi ravnali, skladno z veljavno zakonodajo in na\u0161imi Pravili [&hellip;]\" \/>\n<meta property=\"og:url\" content=\"https:\/\/www.apartmaji-bolfenk.si\/en\/povprasevanje\/\" \/>\n<meta property=\"og:site_name\" content=\"Pohorje Bolfenk\" \/>\n<meta property=\"article:publisher\" content=\"https:\/\/www.facebook.com\/Apartments-BOLF-Pohorje-106155424798527\" \/>\n<meta property=\"article:modified_time\" content=\"2025-09-08T15:21:42+00:00\" \/>\n<meta name=\"twitter:card\" content=\"summary_large_image\" \/>\n<meta name=\"twitter:label1\" content=\"Estimated reading time\" \/>\n\t<meta name=\"twitter:data1\" content=\"1 minute\" \/>\n<script type=\"application\/ld+json\" class=\"yoast-schema-graph\">{\"@context\":\"https:\/\/schema.org\",\"@graph\":[{\"@type\":\"WebPage\",\"@id\":\"https:\/\/www.apartmaji-bolfenk.si\/povprasevanje\/\",\"url\":\"https:\/\/www.apartmaji-bolfenk.si\/povprasevanje\/\",\"name\":\"Povpra\u0161evanje - Pohorje Bolfenk\",\"isPartOf\":{\"@id\":\"https:\/\/www.apartmaji-bolfenk.si\/#website\"},\"datePublished\":\"2024-11-11T11:14:15+00:00\",\"dateModified\":\"2025-09-08T15:21:42+00:00\",\"breadcrumb\":{\"@id\":\"https:\/\/www.apartmaji-bolfenk.si\/povprasevanje\/#breadcrumb\"},\"inLanguage\":\"en-GB\",\"potentialAction\":[{\"@type\":\"ReadAction\",\"target\":[\"https:\/\/www.apartmaji-bolfenk.si\/povprasevanje\/\"]}]},{\"@type\":\"BreadcrumbList\",\"@id\":\"https:\/\/www.apartmaji-bolfenk.si\/povprasevanje\/#breadcrumb\",\"itemListElement\":[{\"@type\":\"ListItem\",\"position\":1,\"name\":\"Home\",\"item\":\"https:\/\/www.apartmaji-bolfenk.si\/\"},{\"@type\":\"ListItem\",\"position\":2,\"name\":\"Povpra\u0161evanje\"}]},{\"@type\":\"WebSite\",\"@id\":\"https:\/\/www.apartmaji-bolfenk.si\/#website\",\"url\":\"https:\/\/www.apartmaji-bolfenk.si\/\",\"name\":\"Pohorje Bolfenk\",\"description\":\"LUKSUZNI APARTMAJI BOLF\",\"publisher\":{\"@id\":\"https:\/\/www.apartmaji-bolfenk.si\/#organization\"},\"potentialAction\":[{\"@type\":\"SearchAction\",\"target\":{\"@type\":\"EntryPoint\",\"urlTemplate\":\"https:\/\/www.apartmaji-bolfenk.si\/?s={search_term_string}\"},\"query-input\":{\"@type\":\"PropertyValueSpecification\",\"valueRequired\":true,\"valueName\":\"search_term_string\"}}],\"inLanguage\":\"en-GB\"},{\"@type\":\"Organization\",\"@id\":\"https:\/\/www.apartmaji-bolfenk.si\/#organization\",\"name\":\"Pohorje Bolfenk\",\"url\":\"https:\/\/www.apartmaji-bolfenk.si\/\",\"logo\":{\"@type\":\"ImageObject\",\"inLanguage\":\"en-GB\",\"@id\":\"https:\/\/www.apartmaji-bolfenk.si\/#\/schema\/logo\/image\/\",\"url\":\"https:\/\/www.apartmaji-bolfenk.si\/wp-content\/uploads\/2022\/06\/bolf-logo.png\",\"contentUrl\":\"https:\/\/www.apartmaji-bolfenk.si\/wp-content\/uploads\/2022\/06\/bolf-logo.png\",\"width\":145,\"height\":87,\"caption\":\"Pohorje Bolfenk\"},\"image\":{\"@id\":\"https:\/\/www.apartmaji-bolfenk.si\/#\/schema\/logo\/image\/\"},\"sameAs\":[\"https:\/\/www.facebook.com\/Apartments-BOLF-Pohorje-106155424798527\",\"https:\/\/www.instagram.com\/apartmaji_bolf\/\"]}]}<\/script>\n<!-- \/ Yoast SEO plugin. -->","yoast_head_json":{"title":"Povpra\u0161evanje - Pohorje Bolfenk","robots":{"index":"index","follow":"follow","max-snippet":"max-snippet:-1","max-image-preview":"max-image-preview:large","max-video-preview":"max-video-preview:-1"},"canonical":"https:\/\/www.apartmaji-bolfenk.si\/en\/povprasevanje\/","og_locale":"en_GB","og_type":"article","og_title":"Povpra\u0161evanje - Pohorje Bolfenk","og_description":"Ostanite v stiku POVPRA\u0160EVANJE Ime in priimek * Email * Telefon Povpra\u0161evanje * Z oddajo podatkov preko kontaktnega obrazca potrjujete, da ste seznanjeni z namenom in pravili varovanja osebnih podatkov. Zagotavljamo, da bomo tukaj zbrane osebne podatke uporabili izklju\u010dno za namen posredovanja odgovora in bomo z njimi ravnali, skladno z veljavno zakonodajo in na\u0161imi Pravili [&hellip;]","og_url":"https:\/\/www.apartmaji-bolfenk.si\/en\/povprasevanje\/","og_site_name":"Pohorje Bolfenk","article_publisher":"https:\/\/www.facebook.com\/Apartments-BOLF-Pohorje-106155424798527","article_modified_time":"2025-09-08T15:21:42+00:00","twitter_card":"summary_large_image","twitter_misc":{"Estimated reading time":"1 minute"},"schema":{"@context":"https:\/\/schema.org","@graph":[{"@type":"WebPage","@id":"https:\/\/www.apartmaji-bolfenk.si\/povprasevanje\/","url":"https:\/\/www.apartmaji-bolfenk.si\/povprasevanje\/","name":"Povpra\u0161evanje - Pohorje Bolfenk","isPartOf":{"@id":"https:\/\/www.apartmaji-bolfenk.si\/#website"},"datePublished":"2024-11-11T11:14:15+00:00","dateModified":"2025-09-08T15:21:42+00:00","breadcrumb":{"@id":"https:\/\/www.apartmaji-bolfenk.si\/povprasevanje\/#breadcrumb"},"inLanguage":"en-GB","potentialAction":[{"@type":"ReadAction","target":["https:\/\/www.apartmaji-bolfenk.si\/povprasevanje\/"]}]},{"@type":"BreadcrumbList","@id":"https:\/\/www.apartmaji-bolfenk.si\/povprasevanje\/#breadcrumb","itemListElement":[{"@type":"ListItem","position":1,"name":"Home","item":"https:\/\/www.apartmaji-bolfenk.si\/"},{"@type":"ListItem","position":2,"name":"Povpra\u0161evanje"}]},{"@type":"WebSite","@id":"https:\/\/www.apartmaji-bolfenk.si\/#website","url":"https:\/\/www.apartmaji-bolfenk.si\/","name":"Pohorje Bolfenk","description":"LUKSUZNI APARTMAJI BOLF","publisher":{"@id":"https:\/\/www.apartmaji-bolfenk.si\/#organization"},"potentialAction":[{"@type":"SearchAction","target":{"@type":"EntryPoint","urlTemplate":"https:\/\/www.apartmaji-bolfenk.si\/?s={search_term_string}"},"query-input":{"@type":"PropertyValueSpecification","valueRequired":true,"valueName":"search_term_string"}}],"inLanguage":"en-GB"},{"@type":"Organization","@id":"https:\/\/www.apartmaji-bolfenk.si\/#organization","name":"Pohorje Bolfenk","url":"https:\/\/www.apartmaji-bolfenk.si\/","logo":{"@type":"ImageObject","inLanguage":"en-GB","@id":"https:\/\/www.apartmaji-bolfenk.si\/#\/schema\/logo\/image\/","url":"https:\/\/www.apartmaji-bolfenk.si\/wp-content\/uploads\/2022\/06\/bolf-logo.png","contentUrl":"https:\/\/www.apartmaji-bolfenk.si\/wp-content\/uploads\/2022\/06\/bolf-logo.png","width":145,"height":87,"caption":"Pohorje Bolfenk"},"image":{"@id":"https:\/\/www.apartmaji-bolfenk.si\/#\/schema\/logo\/image\/"},"sameAs":["https:\/\/www.facebook.com\/Apartments-BOLF-Pohorje-106155424798527","https:\/\/www.instagram.com\/apartmaji_bolf\/"]}]}},"_links":{"self":[{"href":"https:\/\/www.apartmaji-bolfenk.si\/en\/wp-json\/wp\/v2\/pages\/9832","targetHints":{"allow":["GET"]}}],"collection":[{"href":"https:\/\/www.apartmaji-bolfenk.si\/en\/wp-json\/wp\/v2\/pages"}],"about":[{"href":"https:\/\/www.apartmaji-bolfenk.si\/en\/wp-json\/wp\/v2\/types\/page"}],"author":[{"embeddable":true,"href":"https:\/\/www.apartmaji-bolfenk.si\/en\/wp-json\/wp\/v2\/users\/1"}],"replies":[{"embeddable":true,"href":"https:\/\/www.apartmaji-bolfenk.si\/en\/wp-json\/wp\/v2\/comments?post=9832"}],"version-history":[{"count":16,"href":"https:\/\/www.apartmaji-bolfenk.si\/en\/wp-json\/wp\/v2\/pages\/9832\/revisions"}],"predecessor-version":[{"id":10010,"href":"https:\/\/www.apartmaji-bolfenk.si\/en\/wp-json\/wp\/v2\/pages\/9832\/revisions\/10010"}],"wp:attachment":[{"href":"https:\/\/www.apartmaji-bolfenk.si\/en\/wp-json\/wp\/v2\/media?parent=9832"}],"curies":[{"name":"wp","href":"https:\/\/api.w.org\/{rel}","templated":true}]}}