{"id":9641,"date":"2022-01-24T14:06:12","date_gmt":"2023-03-28T06:17:19","guid":{"rendered":"https:\/\/www.apartmaji-bolfenk.si\/?page_id=9641"},"modified":"2023-04-08T13:30:09","modified_gmt":"2023-04-08T12:30:09","slug":"darilni-boni","status":"publish","type":"page","link":"https:\/\/www.apartmaji-bolfenk.si\/en\/darilni-boni\/","title":{"rendered":"Gift vouchers"},"content":{"rendered":"<div data-elementor-type=\"wp-page\" data-elementor-id=\"9641\" class=\"elementor elementor-9641\">\n\t\t\t\t\t\t<div class=\"elementor-inner\">\n\t\t\t\t<div class=\"elementor-section-wrap\">\n\t\t\t\t\t\t\t\t\t<section class=\"elementor-section elementor-top-section elementor-element elementor-element-6b6fa794 elementor-section-stretched elementor-section-content-middle elementor-section-boxed elementor-section-height-default elementor-section-height-default\" data-id=\"6b6fa794\" data-element_type=\"section\" data-settings=\"{&quot;stretch_section&quot;:&quot;section-stretched&quot;,&quot;background_background&quot;:&quot;classic&quot;}\">\n\t\t\t\t\t\t\t<div class=\"elementor-background-overlay\"><\/div>\n\t\t\t\t\t\t\t<div class=\"elementor-container elementor-column-gap-default\">\n\t\t\t\t\t\t\t<div class=\"elementor-row\">\n\t\t\t\t\t<div class=\"elementor-column elementor-col-100 elementor-top-column elementor-element elementor-element-4e4eb37\" data-id=\"4e4eb37\" data-element_type=\"column\">\n\t\t\t<div class=\"elementor-column-wrap elementor-element-populated\">\n\t\t\t\t\t\t\t<div class=\"elementor-widget-wrap\">\n\t\t\t\t\t\t<div class=\"elementor-element elementor-element-500a2893 elementor-invisible elementor-widget elementor-widget-heading\" data-id=\"500a2893\" data-element_type=\"widget\" data-settings=\"{&quot;_animation&quot;:&quot;fadeIn&quot;}\" data-widget_type=\"heading.default\">\n\t\t\t\t<div class=\"elementor-widget-container\">\n\t\t\t<h1 class=\"elementor-heading-title elementor-size-default\">GIFT VOUCHERS<\/h1>\t\t<\/div>\n\t\t\t\t<\/div>\n\t\t\t\t\t\t<\/div>\n\t\t\t\t\t<\/div>\n\t\t<\/div>\n\t\t\t\t\t\t\t\t<\/div>\n\t\t\t\t\t<\/div>\n\t\t<\/section>\n\t\t\t\t<section class=\"elementor-section elementor-top-section elementor-element elementor-element-2c4366e3 elementor-section-stretched elementor-section-content-middle elementor-section-boxed elementor-section-height-default elementor-section-height-default\" data-id=\"2c4366e3\" data-element_type=\"section\" data-settings=\"{&quot;stretch_section&quot;:&quot;section-stretched&quot;,&quot;background_background&quot;:&quot;classic&quot;}\">\n\t\t\t\t\t\t<div class=\"elementor-container elementor-column-gap-default\">\n\t\t\t\t\t\t\t<div class=\"elementor-row\">\n\t\t\t\t\t<div class=\"elementor-column elementor-col-50 elementor-top-column elementor-element elementor-element-4e9997e0 elementor-invisible\" data-id=\"4e9997e0\" data-element_type=\"column\" data-settings=\"{&quot;background_background&quot;:&quot;classic&quot;,&quot;animation&quot;:&quot;fadeIn&quot;}\">\n\t\t\t<div class=\"elementor-column-wrap elementor-element-populated\">\n\t\t\t\t\t\t\t<div class=\"elementor-widget-wrap\">\n\t\t\t\t\t\t<div class=\"elementor-element elementor-element-d2ec228 elementor-widget elementor-widget-heading\" data-id=\"d2ec228\" data-element_type=\"widget\" data-widget_type=\"heading.default\">\n\t\t\t\t<div class=\"elementor-widget-container\">\n\t\t\t<h5 class=\"elementor-heading-title elementor-size-default\">A SURPRISE FOR WINTER OR SUMMER PAMPERING<\/h5>\t\t<\/div>\n\t\t\t\t<\/div>\n\t\t\t\t<div class=\"elementor-element elementor-element-1d1a7d0 elementor-widget elementor-widget-heading\" data-id=\"1d1a7d0\" data-element_type=\"widget\" data-widget_type=\"heading.default\">\n\t\t\t\t<div class=\"elementor-widget-container\">\n\t\t\t<p class=\"elementor-heading-title elementor-size-default\">Choose relaxation and pampering in an idyllic environment next to the nature of Pohorje. Give yourself and those you love the most moments of well-being, comfort and satisfaction. Give them time and surprise them with a gift certificate. Choose from small favors to more luxurious gifts. Vouchers are available for the winter and summer season. Gift vouchers can be purchased by appointment at 051-744-449. Payment via TRR. <\/p>\t\t<\/div>\n\t\t\t\t<\/div>\n\t\t\t\t\t\t<\/div>\n\t\t\t\t\t<\/div>\n\t\t<\/div>\n\t\t\t\t<div class=\"elementor-column elementor-col-50 elementor-top-column elementor-element elementor-element-8cbf51 elementor-invisible\" data-id=\"8cbf51\" data-element_type=\"column\" data-settings=\"{&quot;background_background&quot;:&quot;classic&quot;,&quot;animation&quot;:&quot;fadeIn&quot;}\">\n\t\t\t<div class=\"elementor-column-wrap elementor-element-populated\">\n\t\t\t\t\t<div class=\"elementor-background-overlay\"><\/div>\n\t\t\t\t\t\t\t<div class=\"elementor-widget-wrap\">\n\t\t\t\t\t\t<div class=\"elementor-element elementor-element-2c7c315 elementor-widget elementor-widget-image\" data-id=\"2c7c315\" data-element_type=\"widget\" data-widget_type=\"image.default\">\n\t\t\t\t<div class=\"elementor-widget-container\">\n\t\t\t\t\t\t\t\t<div class=\"elementor-image\">\n\t\t\t\t\t\t\t\t\t\t\t\t<img loading=\"lazy\" decoding=\"async\" width=\"1024\" height=\"512\" src=\"https:\/\/www.apartmaji-bolfenk.si\/wp-content\/uploads\/2023\/04\/07-021057-should_you_get_a_christmas_present_for_the_person_you_just_started_dating-1024x512.webp\" class=\"attachment-large size-large wp-image-9649\" alt=\"\" srcset=\"https:\/\/www.apartmaji-bolfenk.si\/wp-content\/uploads\/2023\/04\/07-021057-should_you_get_a_christmas_present_for_the_person_you_just_started_dating-1024x512.webp 1024w, https:\/\/www.apartmaji-bolfenk.si\/wp-content\/uploads\/2023\/04\/07-021057-should_you_get_a_christmas_present_for_the_person_you_just_started_dating-300x150.webp 300w, https:\/\/www.apartmaji-bolfenk.si\/wp-content\/uploads\/2023\/04\/07-021057-should_you_get_a_christmas_present_for_the_person_you_just_started_dating-768x384.webp 768w, https:\/\/www.apartmaji-bolfenk.si\/wp-content\/uploads\/2023\/04\/07-021057-should_you_get_a_christmas_present_for_the_person_you_just_started_dating-18x9.webp 18w, https:\/\/www.apartmaji-bolfenk.si\/wp-content\/uploads\/2023\/04\/07-021057-should_you_get_a_christmas_present_for_the_person_you_just_started_dating.webp 1080w\" sizes=\"auto, (max-width: 1024px) 100vw, 1024px\" \/>\t\t\t\t\t\t\t\t\t\t\t\t\t\t<\/div>\n\t\t\t\t\t\t<\/div>\n\t\t\t\t<\/div>\n\t\t\t\t\t\t<\/div>\n\t\t\t\t\t<\/div>\n\t\t<\/div>\n\t\t\t\t\t\t\t\t<\/div>\n\t\t\t\t\t<\/div>\n\t\t<\/section>\n\t\t\t\t<section class=\"elementor-section elementor-top-section elementor-element elementor-element-817e17b elementor-section-boxed elementor-section-height-default elementor-section-height-default\" data-id=\"817e17b\" data-element_type=\"section\">\n\t\t\t\t\t\t<div class=\"elementor-container elementor-column-gap-default\">\n\t\t\t\t\t\t\t<div class=\"elementor-row\">\n\t\t\t\t\t<div class=\"elementor-column elementor-col-50 elementor-top-column elementor-element elementor-element-ea35eed\" data-id=\"ea35eed\" data-element_type=\"column\">\n\t\t\t<div class=\"elementor-column-wrap elementor-element-populated\">\n\t\t\t\t\t\t\t<div class=\"elementor-widget-wrap\">\n\t\t\t\t\t\t<div class=\"elementor-element elementor-element-d43790a elementor-widget elementor-widget-image\" data-id=\"d43790a\" data-element_type=\"widget\" data-widget_type=\"image.default\">\n\t\t\t\t<div class=\"elementor-widget-container\">\n\t\t\t\t\t\t\t\t<div class=\"elementor-image\">\n\t\t\t\t\t\t\t\t\t\t\t\t<img loading=\"lazy\" decoding=\"async\" width=\"649\" height=\"1004\" src=\"https:\/\/www.apartmaji-bolfenk.si\/wp-content\/uploads\/2023\/04\/DARILNI-BON-ZIMA.jpg\" class=\"attachment-medium_large size-medium_large wp-image-9669\" alt=\"\" srcset=\"https:\/\/www.apartmaji-bolfenk.si\/wp-content\/uploads\/2023\/04\/DARILNI-BON-ZIMA.jpg 649w, https:\/\/www.apartmaji-bolfenk.si\/wp-content\/uploads\/2023\/04\/DARILNI-BON-ZIMA-194x300.jpg 194w, https:\/\/www.apartmaji-bolfenk.si\/wp-content\/uploads\/2023\/04\/DARILNI-BON-ZIMA-8x12.jpg 8w\" sizes=\"auto, (max-width: 649px) 100vw, 649px\" \/>\t\t\t\t\t\t\t\t\t\t\t\t\t\t<\/div>\n\t\t\t\t\t\t<\/div>\n\t\t\t\t<\/div>\n\t\t\t\t\t\t<\/div>\n\t\t\t\t\t<\/div>\n\t\t<\/div>\n\t\t\t\t<div class=\"elementor-column elementor-col-50 elementor-top-column elementor-element elementor-element-a79ce79\" data-id=\"a79ce79\" data-element_type=\"column\">\n\t\t\t<div class=\"elementor-column-wrap elementor-element-populated\">\n\t\t\t\t\t\t\t<div class=\"elementor-widget-wrap\">\n\t\t\t\t\t\t<div class=\"elementor-element elementor-element-5b21937 elementor-widget elementor-widget-image\" data-id=\"5b21937\" data-element_type=\"widget\" data-widget_type=\"image.default\">\n\t\t\t\t<div class=\"elementor-widget-container\">\n\t\t\t\t\t\t\t\t<div class=\"elementor-image\">\n\t\t\t\t\t\t\t\t\t\t\t\t<img loading=\"lazy\" decoding=\"async\" width=\"649\" height=\"1004\" src=\"https:\/\/www.apartmaji-bolfenk.si\/wp-content\/uploads\/2023\/04\/DARILNI-BON-POLETJE.jpg\" class=\"attachment-medium_large size-medium_large wp-image-9673\" alt=\"\" srcset=\"https:\/\/www.apartmaji-bolfenk.si\/wp-content\/uploads\/2023\/04\/DARILNI-BON-POLETJE.jpg 649w, https:\/\/www.apartmaji-bolfenk.si\/wp-content\/uploads\/2023\/04\/DARILNI-BON-POLETJE-194x300.jpg 194w, https:\/\/www.apartmaji-bolfenk.si\/wp-content\/uploads\/2023\/04\/DARILNI-BON-POLETJE-8x12.jpg 8w\" sizes=\"auto, (max-width: 649px) 100vw, 649px\" \/>\t\t\t\t\t\t\t\t\t\t\t\t\t\t<\/div>\n\t\t\t\t\t\t<\/div>\n\t\t\t\t<\/div>\n\t\t\t\t\t\t<\/div>\n\t\t\t\t\t<\/div>\n\t\t<\/div>\n\t\t\t\t\t\t\t\t<\/div>\n\t\t\t\t\t<\/div>\n\t\t<\/section>\n\t\t\t\t\t\t\t\t\t<\/div>\n\t\t\t<\/div>\n\t\t\t\t\t<\/div>","protected":false},"excerpt":{"rendered":"<p>GIFT VOUCHERS A SURPRISE FOR WINTER OR SUMMER PAMPERING Choose relaxation and pampering in an idyllic environment next to the nature of Pohorje. Give yourself and those you love the most moments of well-being, comfort and satisfaction. Give them time and surprise them with a gift voucher. Choose from small attentions to more luxurious gifts. Vouchers are available for [\u2026]<\/p>","protected":false},"author":1,"featured_media":0,"parent":0,"menu_order":3,"comment_status":"closed","ping_status":"closed","template":"","meta":{"footnotes":""},"class_list":["post-9641","page","type-page","status-publish","hentry"],"yoast_head":"<!-- This site is optimized with the Yoast SEO plugin v23.8 - https:\/\/yoast.com\/wordpress\/plugins\/seo\/ -->\n<title>Darilni boni - Pohorje Bolfenk<\/title>\n<meta name=\"robots\" content=\"index, follow, max-snippet:-1, max-image-preview:large, max-video-preview:-1\" \/>\n<link rel=\"canonical\" href=\"https:\/\/www.apartmaji-bolfenk.si\/en\/darilni-boni\/\" \/>\n<meta property=\"og:locale\" content=\"en_GB\" \/>\n<meta property=\"og:type\" content=\"article\" \/>\n<meta property=\"og:title\" content=\"Darilni boni - Pohorje Bolfenk\" \/>\n<meta property=\"og:description\" content=\"DARILNI BONI PRESENE\u010cENJE ZA ZIMSKO ALI POLETNO RAZVAJANJE Izberite sprostitev in razvajanje v idili\u010dnem okolju ob naravi Pohorja. Podarite sebi in tistim, ki jih imate najraje trenutke dobrega po\u010dutja, udobja in zadovoljstva. Namenite jim \u010das in jih presenetite z darilnim bonom. Izbirajte od majhnih pozornosti do bolj razko\u0161nih daril. Na voljo so vam boni za [&hellip;]\" \/>\n<meta property=\"og:url\" content=\"https:\/\/www.apartmaji-bolfenk.si\/en\/darilni-boni\/\" \/>\n<meta property=\"og:site_name\" content=\"Pohorje Bolfenk\" \/>\n<meta property=\"article:publisher\" content=\"https:\/\/www.facebook.com\/Apartments-BOLF-Pohorje-106155424798527\" \/>\n<meta property=\"article:modified_time\" content=\"2023-04-08T12:30:09+00:00\" \/>\n<meta property=\"og:image\" content=\"https:\/\/www.apartmaji-bolfenk.si\/wp-content\/uploads\/2023\/04\/07-021057-should_you_get_a_christmas_present_for_the_person_you_just_started_dating-1024x512.webp\" \/>\n<meta name=\"twitter:card\" content=\"summary_large_image\" \/>\n<meta name=\"twitter:label1\" content=\"Estimated reading time\" \/>\n\t<meta name=\"twitter:data1\" content=\"1 minute\" \/>\n<script type=\"application\/ld+json\" class=\"yoast-schema-graph\">{\"@context\":\"https:\/\/schema.org\",\"@graph\":[{\"@type\":\"WebPage\",\"@id\":\"https:\/\/www.apartmaji-bolfenk.si\/darilni-boni\/\",\"url\":\"https:\/\/www.apartmaji-bolfenk.si\/darilni-boni\/\",\"name\":\"Darilni boni - Pohorje Bolfenk\",\"isPartOf\":{\"@id\":\"https:\/\/www.apartmaji-bolfenk.si\/#website\"},\"primaryImageOfPage\":{\"@id\":\"https:\/\/www.apartmaji-bolfenk.si\/darilni-boni\/#primaryimage\"},\"image\":{\"@id\":\"https:\/\/www.apartmaji-bolfenk.si\/darilni-boni\/#primaryimage\"},\"thumbnailUrl\":\"https:\/\/www.apartmaji-bolfenk.si\/wp-content\/uploads\/2023\/04\/07-021057-should_you_get_a_christmas_present_for_the_person_you_just_started_dating-1024x512.webp\",\"datePublished\":\"2023-03-28T06:17:19+00:00\",\"dateModified\":\"2023-04-08T12:30:09+00:00\",\"breadcrumb\":{\"@id\":\"https:\/\/www.apartmaji-bolfenk.si\/darilni-boni\/#breadcrumb\"},\"inLanguage\":\"en-GB\",\"potentialAction\":[{\"@type\":\"ReadAction\",\"target\":[\"https:\/\/www.apartmaji-bolfenk.si\/darilni-boni\/\"]}]},{\"@type\":\"ImageObject\",\"inLanguage\":\"en-GB\",\"@id\":\"https:\/\/www.apartmaji-bolfenk.si\/darilni-boni\/#primaryimage\",\"url\":\"https:\/\/www.apartmaji-bolfenk.si\/wp-content\/uploads\/2023\/04\/07-021057-should_you_get_a_christmas_present_for_the_person_you_just_started_dating-1024x512.webp\",\"contentUrl\":\"https:\/\/www.apartmaji-bolfenk.si\/wp-content\/uploads\/2023\/04\/07-021057-should_you_get_a_christmas_present_for_the_person_you_just_started_dating-1024x512.webp\"},{\"@type\":\"BreadcrumbList\",\"@id\":\"https:\/\/www.apartmaji-bolfenk.si\/darilni-boni\/#breadcrumb\",\"itemListElement\":[{\"@type\":\"ListItem\",\"position\":1,\"name\":\"Home\",\"item\":\"https:\/\/www.apartmaji-bolfenk.si\/\"},{\"@type\":\"ListItem\",\"position\":2,\"name\":\"Darilni boni\"}]},{\"@type\":\"WebSite\",\"@id\":\"https:\/\/www.apartmaji-bolfenk.si\/#website\",\"url\":\"https:\/\/www.apartmaji-bolfenk.si\/\",\"name\":\"Pohorje Bolfenk\",\"description\":\"LUKSUZNI APARTMAJI BOLF\",\"publisher\":{\"@id\":\"https:\/\/www.apartmaji-bolfenk.si\/#organization\"},\"potentialAction\":[{\"@type\":\"SearchAction\",\"target\":{\"@type\":\"EntryPoint\",\"urlTemplate\":\"https:\/\/www.apartmaji-bolfenk.si\/?s={search_term_string}\"},\"query-input\":{\"@type\":\"PropertyValueSpecification\",\"valueRequired\":true,\"valueName\":\"search_term_string\"}}],\"inLanguage\":\"en-GB\"},{\"@type\":\"Organization\",\"@id\":\"https:\/\/www.apartmaji-bolfenk.si\/#organization\",\"name\":\"Pohorje Bolfenk\",\"url\":\"https:\/\/www.apartmaji-bolfenk.si\/\",\"logo\":{\"@type\":\"ImageObject\",\"inLanguage\":\"en-GB\",\"@id\":\"https:\/\/www.apartmaji-bolfenk.si\/#\/schema\/logo\/image\/\",\"url\":\"https:\/\/www.apartmaji-bolfenk.si\/wp-content\/uploads\/2022\/06\/bolf-logo.png\",\"contentUrl\":\"https:\/\/www.apartmaji-bolfenk.si\/wp-content\/uploads\/2022\/06\/bolf-logo.png\",\"width\":145,\"height\":87,\"caption\":\"Pohorje Bolfenk\"},\"image\":{\"@id\":\"https:\/\/www.apartmaji-bolfenk.si\/#\/schema\/logo\/image\/\"},\"sameAs\":[\"https:\/\/www.facebook.com\/Apartments-BOLF-Pohorje-106155424798527\",\"https:\/\/www.instagram.com\/apartmaji_bolf\/\"]}]}<\/script>\n<!-- \/ Yoast SEO plugin. -->","yoast_head_json":{"title":"Darilni boni - Pohorje Bolfenk","robots":{"index":"index","follow":"follow","max-snippet":"max-snippet:-1","max-image-preview":"max-image-preview:large","max-video-preview":"max-video-preview:-1"},"canonical":"https:\/\/www.apartmaji-bolfenk.si\/en\/darilni-boni\/","og_locale":"en_GB","og_type":"article","og_title":"Darilni boni - Pohorje Bolfenk","og_description":"DARILNI BONI PRESENE\u010cENJE ZA ZIMSKO ALI POLETNO RAZVAJANJE Izberite sprostitev in razvajanje v idili\u010dnem okolju ob naravi Pohorja. Podarite sebi in tistim, ki jih imate najraje trenutke dobrega po\u010dutja, udobja in zadovoljstva. Namenite jim \u010das in jih presenetite z darilnim bonom. Izbirajte od majhnih pozornosti do bolj razko\u0161nih daril. Na voljo so vam boni za [&hellip;]","og_url":"https:\/\/www.apartmaji-bolfenk.si\/en\/darilni-boni\/","og_site_name":"Pohorje Bolfenk","article_publisher":"https:\/\/www.facebook.com\/Apartments-BOLF-Pohorje-106155424798527","article_modified_time":"2023-04-08T12:30:09+00:00","og_image":[{"url":"https:\/\/www.apartmaji-bolfenk.si\/wp-content\/uploads\/2023\/04\/07-021057-should_you_get_a_christmas_present_for_the_person_you_just_started_dating-1024x512.webp"}],"twitter_card":"summary_large_image","twitter_misc":{"Estimated reading time":"1 minute"},"schema":{"@context":"https:\/\/schema.org","@graph":[{"@type":"WebPage","@id":"https:\/\/www.apartmaji-bolfenk.si\/darilni-boni\/","url":"https:\/\/www.apartmaji-bolfenk.si\/darilni-boni\/","name":"Darilni boni - Pohorje Bolfenk","isPartOf":{"@id":"https:\/\/www.apartmaji-bolfenk.si\/#website"},"primaryImageOfPage":{"@id":"https:\/\/www.apartmaji-bolfenk.si\/darilni-boni\/#primaryimage"},"image":{"@id":"https:\/\/www.apartmaji-bolfenk.si\/darilni-boni\/#primaryimage"},"thumbnailUrl":"https:\/\/www.apartmaji-bolfenk.si\/wp-content\/uploads\/2023\/04\/07-021057-should_you_get_a_christmas_present_for_the_person_you_just_started_dating-1024x512.webp","datePublished":"2023-03-28T06:17:19+00:00","dateModified":"2023-04-08T12:30:09+00:00","breadcrumb":{"@id":"https:\/\/www.apartmaji-bolfenk.si\/darilni-boni\/#breadcrumb"},"inLanguage":"en-GB","potentialAction":[{"@type":"ReadAction","target":["https:\/\/www.apartmaji-bolfenk.si\/darilni-boni\/"]}]},{"@type":"ImageObject","inLanguage":"en-GB","@id":"https:\/\/www.apartmaji-bolfenk.si\/darilni-boni\/#primaryimage","url":"https:\/\/www.apartmaji-bolfenk.si\/wp-content\/uploads\/2023\/04\/07-021057-should_you_get_a_christmas_present_for_the_person_you_just_started_dating-1024x512.webp","contentUrl":"https:\/\/www.apartmaji-bolfenk.si\/wp-content\/uploads\/2023\/04\/07-021057-should_you_get_a_christmas_present_for_the_person_you_just_started_dating-1024x512.webp"},{"@type":"BreadcrumbList","@id":"https:\/\/www.apartmaji-bolfenk.si\/darilni-boni\/#breadcrumb","itemListElement":[{"@type":"ListItem","position":1,"name":"Home","item":"https:\/\/www.apartmaji-bolfenk.si\/"},{"@type":"ListItem","position":2,"name":"Darilni boni"}]},{"@type":"WebSite","@id":"https:\/\/www.apartmaji-bolfenk.si\/#website","url":"https:\/\/www.apartmaji-bolfenk.si\/","name":"Pohorje Bolfenk","description":"LUKSUZNI APARTMAJI BOLF","publisher":{"@id":"https:\/\/www.apartmaji-bolfenk.si\/#organization"},"potentialAction":[{"@type":"SearchAction","target":{"@type":"EntryPoint","urlTemplate":"https:\/\/www.apartmaji-bolfenk.si\/?s={search_term_string}"},"query-input":{"@type":"PropertyValueSpecification","valueRequired":true,"valueName":"search_term_string"}}],"inLanguage":"en-GB"},{"@type":"Organization","@id":"https:\/\/www.apartmaji-bolfenk.si\/#organization","name":"Pohorje Bolfenk","url":"https:\/\/www.apartmaji-bolfenk.si\/","logo":{"@type":"ImageObject","inLanguage":"en-GB","@id":"https:\/\/www.apartmaji-bolfenk.si\/#\/schema\/logo\/image\/","url":"https:\/\/www.apartmaji-bolfenk.si\/wp-content\/uploads\/2022\/06\/bolf-logo.png","contentUrl":"https:\/\/www.apartmaji-bolfenk.si\/wp-content\/uploads\/2022\/06\/bolf-logo.png","width":145,"height":87,"caption":"Pohorje Bolfenk"},"image":{"@id":"https:\/\/www.apartmaji-bolfenk.si\/#\/schema\/logo\/image\/"},"sameAs":["https:\/\/www.facebook.com\/Apartments-BOLF-Pohorje-106155424798527","https:\/\/www.instagram.com\/apartmaji_bolf\/"]}]}},"_links":{"self":[{"href":"https:\/\/www.apartmaji-bolfenk.si\/en\/wp-json\/wp\/v2\/pages\/9641","targetHints":{"allow":["GET"]}}],"collection":[{"href":"https:\/\/www.apartmaji-bolfenk.si\/en\/wp-json\/wp\/v2\/pages"}],"about":[{"href":"https:\/\/www.apartmaji-bolfenk.si\/en\/wp-json\/wp\/v2\/types\/page"}],"author":[{"embeddable":true,"href":"https:\/\/www.apartmaji-bolfenk.si\/en\/wp-json\/wp\/v2\/users\/1"}],"replies":[{"embeddable":true,"href":"https:\/\/www.apartmaji-bolfenk.si\/en\/wp-json\/wp\/v2\/comments?post=9641"}],"version-history":[{"count":28,"href":"https:\/\/www.apartmaji-bolfenk.si\/en\/wp-json\/wp\/v2\/pages\/9641\/revisions"}],"predecessor-version":[{"id":9680,"href":"https:\/\/www.apartmaji-bolfenk.si\/en\/wp-json\/wp\/v2\/pages\/9641\/revisions\/9680"}],"wp:attachment":[{"href":"https:\/\/www.apartmaji-bolfenk.si\/en\/wp-json\/wp\/v2\/media?parent=9641"}],"curies":[{"name":"wp","href":"https:\/\/api.w.org\/{rel}","templated":true}]}}